{"id":184,"date":"2015-05-13T06:43:56","date_gmt":"2015-05-13T06:43:56","guid":{"rendered":"http:\/\/stadlrogga.de\/stadl\/?page_id=184"},"modified":"2025-10-31T21:21:21","modified_gmt":"2025-10-31T20:21:21","slug":"stadlrogga-stimmung-spass-und-party","status":"publish","type":"page","link":"http:\/\/stadlrogga.de\/stadl\/stadlrogga-stimmung-spass-und-party\/","title":{"rendered":""},"content":{"rendered":"\n<h2 class=\"wp-block-heading has-text-align-center\"><mark style=\"background-color:rgba(0, 0, 0, 0)\" class=\"has-inline-color has-black-color\"><\/mark><\/h2>\n\n\n\n<h2>\u00dcber Uns<\/h2>\n<blockquote>\n<h2 class=\"font_7\"><em>MR.FEELGOOD die Premium -Partypowerband&nbsp;<\/em><\/h2>\n<p class=\"font_7\"><em>MR.FEELGOOD verspricht vom ersten Moment an eine mitrei\u00dfende Live-Show,&nbsp;<\/em><em>gute Laune ohne Ende und serviert dem Partyvolk einen perfekten Mix aus, Top40, legend\u00e4ren Party- und Stimmungskrachern , Schlagern und das Beste aus der Rock and Pop History!&nbsp;<\/em><\/p>\n<p class=\"font_7\"><em>Mr.FEELGOOD z\u00e4hlt seit Jahren auf dem Sektor der Party- und Coverbands als Garant f\u00fcr professionelles Auftreten, eine mitrei\u00dfende Show und ausgelassene Party-Stimmung!&nbsp;<\/em><\/p>\n<p class=\"font_7\"><em>Highlights &amp; Referenzen :<\/em><\/p>\n<p class=\"font_7\"><em>Bundesliga Aufstiegsparty von Hannover 96 ,&nbsp;<\/em><em>Saisonopening beim VFL Wolfsburg, Saisonopening bei den Hannover Scorpions ,&nbsp;<\/em><em>die Radio Rockland Tour, die Konzerte zur Walpurgisnacht auf dem Brocken,<\/em><em>das Bikertreffen in Schleiz, Six Days in Bremen, Maiwoche in Osnabr\u00fcck,&nbsp;<\/em><em>Tag der Niedersachsen in Leer, Altstadtfest in Nienburg, Auftritte bei der Kieler Woche,<\/em><em>Fan-Meile zur Fu\u00dfball WM in Kiel, Sommerfest Tollet \u00d6sterreich sowie&nbsp;<\/em><em>diverse Ski Openings in Deutschland,\u00d6sterreich und der Schweiz ,<\/em><em>Diverse Firmenevents u.a. bei Car Trimm , HWA AG &#8211; Team AMG-Mercedes,<\/em><em>DTM am Lausitzring , Ski Weltcup und Summergrand Prix in Klingenthal<\/em><\/p>\n<p class=\"font_7\"><strong><em>Auftritte mit :<\/em><\/strong><\/p>\n<p class=\"font_7\"><em>Culture Beat, Mr.President, Rednex, Rolf Stahlhofen, Sweet, Slade, Silly ,<\/em><em>Uriah Heep, T.Rex, Yvonne Catterfeld, Les Humphries Singers und den Weather Girls,Deep Purple , Gotthard , J\u00fcrgen Drews , Die H\u00f6hner , Michael Holm , Whitesnake und Bonfire Karat , Phudys und City<\/em><\/p>\n<\/blockquote>\n<p><a href=\"http:\/\/stadlrogga.de\/stadl\/wp-content\/uploads\/2022\/03\/65e4e5ad-24d3-4f38-8d2a-a69534f6f84f.jpg\"><img loading=\"lazy\" decoding=\"async\" class=\"alignleft size-medium wp-image-3786\" src=\"http:\/\/stadlrogga.de\/stadl\/wp-content\/uploads\/2022\/03\/65e4e5ad-24d3-4f38-8d2a-a69534f6f84f-300x200.jpg\" alt=\"\" width=\"300\" height=\"200\" srcset=\"http:\/\/stadlrogga.de\/stadl\/wp-content\/uploads\/2022\/03\/65e4e5ad-24d3-4f38-8d2a-a69534f6f84f-300x200.jpg 300w, http:\/\/stadlrogga.de\/stadl\/wp-content\/uploads\/2022\/03\/65e4e5ad-24d3-4f38-8d2a-a69534f6f84f-1024x682.jpg 1024w, http:\/\/stadlrogga.de\/stadl\/wp-content\/uploads\/2022\/03\/65e4e5ad-24d3-4f38-8d2a-a69534f6f84f-768x512.jpg 768w, http:\/\/stadlrogga.de\/stadl\/wp-content\/uploads\/2022\/03\/65e4e5ad-24d3-4f38-8d2a-a69534f6f84f-1536x1023.jpg 1536w, http:\/\/stadlrogga.de\/stadl\/wp-content\/uploads\/2022\/03\/65e4e5ad-24d3-4f38-8d2a-a69534f6f84f-2x1.jpg 2w, http:\/\/stadlrogga.de\/stadl\/wp-content\/uploads\/2022\/03\/65e4e5ad-24d3-4f38-8d2a-a69534f6f84f.jpg 1600w\" sizes=\"auto, (max-width: 300px) 100vw, 300px\" \/><\/a><\/p>\n<h2><a href=\"http:\/\/stadlrogga.de\/stadl\/wp-content\/uploads\/2015\/03\/LiveKaonMic.jpg\"><img loading=\"lazy\" decoding=\"async\" class=\"size-medium wp-image-8 alignleft\" src=\"http:\/\/stadlrogga.de\/stadl\/wp-content\/uploads\/2015\/03\/LiveKaonMic-300x200.jpg\" alt=\"\" width=\"300\" height=\"200\" srcset=\"http:\/\/stadlrogga.de\/stadl\/wp-content\/uploads\/2015\/03\/LiveKaonMic-300x200.jpg 300w, http:\/\/stadlrogga.de\/stadl\/wp-content\/uploads\/2015\/03\/LiveKaonMic-1024x682.jpg 1024w, http:\/\/stadlrogga.de\/stadl\/wp-content\/uploads\/2015\/03\/LiveKaonMic-2x1.jpg 2w, http:\/\/stadlrogga.de\/stadl\/wp-content\/uploads\/2015\/03\/LiveKaonMic.jpg 1640w\" sizes=\"auto, (max-width: 300px) 100vw, 300px\" \/><\/a><a href=\"http:\/\/stadlrogga.de\/stadl\/wp-content\/uploads\/2016\/06\/Naumburg-4.jpg\"><img loading=\"lazy\" decoding=\"async\" class=\"size-medium wp-image-3504 alignleft\" src=\"http:\/\/stadlrogga.de\/stadl\/wp-content\/uploads\/2016\/06\/Naumburg-4-300x218.jpg\" alt=\"Kirschfest in Naumburg\" width=\"300\" height=\"218\" srcset=\"http:\/\/stadlrogga.de\/stadl\/wp-content\/uploads\/2016\/06\/Naumburg-4-300x218.jpg 300w, http:\/\/stadlrogga.de\/stadl\/wp-content\/uploads\/2016\/06\/Naumburg-4-768x559.jpg 768w, http:\/\/stadlrogga.de\/stadl\/wp-content\/uploads\/2016\/06\/Naumburg-4-1x1.jpg 1w, http:\/\/stadlrogga.de\/stadl\/wp-content\/uploads\/2016\/06\/Naumburg-4.jpg 800w\" sizes=\"auto, (max-width: 300px) 100vw, 300px\" \/><\/a><\/h2>\n<h2>&nbsp;<\/h2>\n<h2>&nbsp;<\/h2>\n<h2>&nbsp;<\/h2>\n<h2>&nbsp;<\/h2>\n<h2>&nbsp;<\/h2>\n<h2>&nbsp;<\/h2>\n<h2>&nbsp;<\/h2>\n<h2>&nbsp;<\/h2>\n<h2>&nbsp;<\/h2>\n<h2>Die Stadlrogga<\/h2>\n<p>Die Stadlrogga<\/p>\n<p>sind die Gaudiversion von Mr. Feelgood! Musik und gute Laune versprechen die drei Burschen und die zwei Madln. Ist die Lederhose erstmal dran, gibt`s kein Halten mehr. Mit einer Mischung aus Rock, Partyschlagern, Apr\u00e9s-Hits, eigenen Songs und spontanen Comedyeinlagen ziehen die Stadlrogga die Aufmerksamkeit sofort auf sich und verbreiten eine tolle Partystimmung, egal ob auf gro\u00dfer B\u00fchne oder in einer H\u00fctte.<\/p>\n<p><a href=\"http:\/\/stadlrogga.de\/stadl\/wp-content\/uploads\/2016\/09\/Lette-8.jpg\"><img loading=\"lazy\" decoding=\"async\" class=\"alignleft size-medium wp-image-3635\" src=\"http:\/\/stadlrogga.de\/stadl\/wp-content\/uploads\/2016\/09\/Lette-8-300x200.jpg\" alt=\"Oktoberfest in Lette\" width=\"300\" height=\"200\" srcset=\"http:\/\/stadlrogga.de\/stadl\/wp-content\/uploads\/2016\/09\/Lette-8-300x200.jpg 300w, http:\/\/stadlrogga.de\/stadl\/wp-content\/uploads\/2016\/09\/Lette-8-768x512.jpg 768w, http:\/\/stadlrogga.de\/stadl\/wp-content\/uploads\/2016\/09\/Lette-8-1024x683.jpg 1024w, http:\/\/stadlrogga.de\/stadl\/wp-content\/uploads\/2016\/09\/Lette-8-2x1.jpg 2w, http:\/\/stadlrogga.de\/stadl\/wp-content\/uploads\/2016\/09\/Lette-8.jpg 1200w\" sizes=\"auto, (max-width: 300px) 100vw, 300px\" \/><\/a><\/p>\n<figure id=\"attachment_417\" aria-describedby=\"caption-attachment-417\" style=\"width: 300px\" class=\"wp-caption alignleft\"><a href=\"http:\/\/stadlrogga.de\/stadl\/wp-content\/uploads\/2015\/05\/Beerheide18.jpg\"><img loading=\"lazy\" decoding=\"async\" class=\"size-medium wp-image-417\" src=\"http:\/\/stadlrogga.de\/stadl\/wp-content\/uploads\/2015\/05\/Beerheide18-300x200.jpg\" alt=\"Das Festzelt in Beerheide mit Mr.Feelgood die Stadlrogga\" width=\"300\" height=\"200\" srcset=\"http:\/\/stadlrogga.de\/stadl\/wp-content\/uploads\/2015\/05\/Beerheide18-300x200.jpg 300w, http:\/\/stadlrogga.de\/stadl\/wp-content\/uploads\/2015\/05\/Beerheide18-1024x683.jpg 1024w, http:\/\/stadlrogga.de\/stadl\/wp-content\/uploads\/2015\/05\/Beerheide18-2x1.jpg 2w\" sizes=\"auto, (max-width: 300px) 100vw, 300px\" \/><\/a><figcaption id=\"caption-attachment-417\" class=\"wp-caption-text\">Beerheide Festzelt<\/figcaption><\/figure>\n<p><a href=\"http:\/\/stadlrogga.de\/stadl\/wp-content\/uploads\/2015\/03\/bancrowd.jpg\"><img loading=\"lazy\" decoding=\"async\" class=\"alignleft size-medium wp-image-6\" src=\"http:\/\/stadlrogga.de\/stadl\/wp-content\/uploads\/2015\/03\/bancrowd-300x225.jpg\" alt=\"\" width=\"300\" height=\"225\" srcset=\"http:\/\/stadlrogga.de\/stadl\/wp-content\/uploads\/2015\/03\/bancrowd-300x225.jpg 300w, http:\/\/stadlrogga.de\/stadl\/wp-content\/uploads\/2015\/03\/bancrowd-1024x768.jpg 1024w, http:\/\/stadlrogga.de\/stadl\/wp-content\/uploads\/2015\/03\/bancrowd-1x1.jpg 1w, http:\/\/stadlrogga.de\/stadl\/wp-content\/uploads\/2015\/03\/bancrowd.jpg 1224w\" sizes=\"auto, (max-width: 300px) 100vw, 300px\" \/><\/a><\/p>\n<p>&nbsp;<\/p>\n<p>&nbsp;<\/p>\n","protected":false},"excerpt":{"rendered":"<p>\u00dcber Uns MR.FEELGOOD die Premium -Partypowerband&nbsp; MR.FEELGOOD verspricht vom ersten Moment an eine mitrei\u00dfende Live-Show,&nbsp;gute Laune ohne Ende und serviert dem Partyvolk einen perfekten Mix aus, Top40, legend\u00e4ren Party- und Stimmungskrachern , Schlagern und das Beste aus der Rock and Pop History!&nbsp; Mr.FEELGOOD z\u00e4hlt seit Jahren auf dem Sektor der Party- und Coverbands als Garant [&hellip;]<\/p>\n","protected":false},"author":1,"featured_media":4290,"parent":0,"menu_order":0,"comment_status":"closed","ping_status":"open","template":"","meta":{"footnotes":""},"class_list":["post-184","page","type-page","status-publish","has-post-thumbnail","czr-hentry"],"_links":{"self":[{"href":"http:\/\/stadlrogga.de\/stadl\/wp-json\/wp\/v2\/pages\/184","targetHints":{"allow":["GET"]}}],"collection":[{"href":"http:\/\/stadlrogga.de\/stadl\/wp-json\/wp\/v2\/pages"}],"about":[{"href":"http:\/\/stadlrogga.de\/stadl\/wp-json\/wp\/v2\/types\/page"}],"author":[{"embeddable":true,"href":"http:\/\/stadlrogga.de\/stadl\/wp-json\/wp\/v2\/users\/1"}],"replies":[{"embeddable":true,"href":"http:\/\/stadlrogga.de\/stadl\/wp-json\/wp\/v2\/comments?post=184"}],"version-history":[{"count":31,"href":"http:\/\/stadlrogga.de\/stadl\/wp-json\/wp\/v2\/pages\/184\/revisions"}],"predecessor-version":[{"id":4293,"href":"http:\/\/stadlrogga.de\/stadl\/wp-json\/wp\/v2\/pages\/184\/revisions\/4293"}],"wp:featuredmedia":[{"embeddable":true,"href":"http:\/\/stadlrogga.de\/stadl\/wp-json\/wp\/v2\/media\/4290"}],"wp:attachment":[{"href":"http:\/\/stadlrogga.de\/stadl\/wp-json\/wp\/v2\/media?parent=184"}],"curies":[{"name":"wp","href":"https:\/\/api.w.org\/{rel}","templated":true}]}}